{"id":5557,"date":"2025-07-30T15:29:17","date_gmt":"2025-07-30T18:29:17","guid":{"rendered":"https:\/\/lajeengenharia.com.br\/?page_id=5557"},"modified":"2025-07-30T15:29:58","modified_gmt":"2025-07-30T18:29:58","slug":"calculadora-alugar-x-financiar","status":"publish","type":"page","link":"https:\/\/lajeengenharia.com.br\/en\/calculadora-alugar-x-financiar\/","title":{"rendered":"Calculadora Alugar x Financiar"},"content":{"rendered":"<div data-elementor-type=\"wp-page\" data-elementor-id=\"5557\" class=\"elementor elementor-5557\" data-elementor-post-type=\"page\">\n\t\t\t\t\t\t<section class=\"elementor-section elementor-top-section elementor-element elementor-element-9a30730 elementor-section-boxed elementor-section-height-default elementor-section-height-default\" data-id=\"9a30730\" data-element_type=\"section\">\n\t\t\t\t\t\t<div class=\"elementor-container elementor-column-gap-default\">\n\t\t\t\t\t<div class=\"elementor-column elementor-col-100 elementor-top-column elementor-element elementor-element-a7f27f9\" data-id=\"a7f27f9\" data-element_type=\"column\">\n\t\t\t<div class=\"elementor-widget-wrap elementor-element-populated\">\n\t\t\t\t\t\t<div class=\"elementor-element elementor-element-6692c44 elementor-widget elementor-widget-shortcode\" data-id=\"6692c44\" data-element_type=\"widget\" data-widget_type=\"shortcode.default\">\n\t\t\t\t<div class=\"elementor-widget-container\">\n\t\t\t\t\t<div class=\"elementor-shortcode\">\n<div class=\"calculadora-financeira-container\">\n    <div class=\"container\">\n        <header class=\"header\">\n            <h1>Alugar ou financiar um im\u00f3vel?<\/h1>\n            <p>Compare cen\u00e1rios e tome a melhor decis\u00e3o financeira<\/p>\n            <div class=\"info-box\">\n                <p><strong>\ud83d\udca1 Importante:<\/strong> Do ponto de vista financeiro, o aluguel costuma ser mais vantajoso. Use esta calculadora para comparar os cen\u00e1rios com seus dados espec\u00edficos.<\/p>\n            <\/div>\n        <\/header>\n\n        <div class=\"calculator-card\">\n            <form id=\"calculatorForm\" class=\"form-grid\" action=\"\">\n                <div class=\"input-group\">\n                    <label for=\"valorImovel\">Valor do im\u00f3vel (R$)<\/label>\n                    <input type=\"text\" id=\"valorImovel\" name=\"valorImovel\" value=\"500.000,00\" required>\n                <\/div>\n\n                <div class=\"input-group\">\n                    <label for=\"valorAluguel\">Valor do aluguel (R$)<\/label>\n                    <input type=\"text\" id=\"valorAluguel\" name=\"valorAluguel\" value=\"2.000,00\" required>\n                <\/div>\n\n                <div class=\"input-group\">\n                    <label for=\"valorizacaoAnual\">Valoriza\u00e7\u00e3o anual (%)<\/label>\n                    <input type=\"text\" id=\"valorizacaoAnual\" name=\"valorizacaoAnual\" value=\"4,00\" required>\n                <\/div>\n\n                <div class=\"input-group\">\n                    <label for=\"igpmAnual\">IGPM anual (%)<\/label>\n                    <input type=\"text\" id=\"igpmAnual\" name=\"igpmAnual\" value=\"8,00\" required>\n                <\/div>\n\n                <div class=\"input-group\">\n                    <label for=\"entrada\">Entrada (R$)<\/label>\n                    <input type=\"text\" id=\"entrada\" name=\"entrada\" value=\"1.000,00\" required>\n                <\/div>\n\n                <div class=\"input-group\">\n                    <label for=\"custosFinanciamento\">Custos do financiamento (R$)<\/label>\n                    <input type=\"text\" id=\"custosFinanciamento\" name=\"custosFinanciamento\" value=\"15.000,00\" required>\n                <\/div>\n\n                <div class=\"input-group\">\n                    <label for=\"prazoFinanciamento\">Prazo do financiamento (meses)<\/label>\n                    <input type=\"number\" id=\"prazoFinanciamento\" name=\"prazoFinanciamento\" value=\"240\" min=\"1\" max=\"600\" required>\n                <\/div>\n\n                <div class=\"input-group\">\n                    <label for=\"periodoAnalise\">Per\u00edodo de an\u00e1lise (anos) <span style=\"color: #d97706; font-weight: bold;\">\u26a0\ufe0f Ajust\u00e1vel<\/span><\/label>\n                    <input type=\"number\" id=\"periodoAnalise\" name=\"periodoAnalise\" value=\"30\" min=\"1\" max=\"50\" required style=\"border: 2px solid #d97706; background-color: #fef3c7;\">\n                    <small style=\"color: #92400e; font-style: italic;\">Este valor determina o horizonte de tempo para compara\u00e7\u00e3o dos cen\u00e1rios<\/small>\n                <\/div>\n\n                <div class=\"input-group\">\n                    <label for=\"taxaAnual\">Taxa anual (%)<\/label>\n                    <input type=\"text\" id=\"taxaAnual\" name=\"taxaAnual\" value=\"7,00\" required>\n                <\/div>\n\n                <div class=\"input-group\">\n                    <label for=\"rentabilidadeAnual\">Rentabilidade anual (%)<\/label>\n                    <input type=\"text\" id=\"rentabilidadeAnual\" name=\"rentabilidadeAnual\" value=\"11,00\" required>\n                <\/div>\n            <input type=\"hidden\" name=\"trp-form-language\" value=\"en\"\/><\/form>\n\n            <div class=\"button-group\">\n                <button type=\"button\" id=\"calcularBtn\" class=\"btn-primary\">Calcular<\/button>\n                <button type=\"button\" id=\"limparBtn\" class=\"btn-secondary\">Limpar<\/button>\n            <\/div>\n        <\/div>\n\n        <div id=\"resultados\" class=\"resultados hidden\">\n            <div class=\"resultado-header\">\n                <h2>Resultado da Compara\u00e7\u00e3o<\/h2>\n                <div class=\"melhor-opcao-container\">\n                    <span class=\"melhor-opcao-label\">Melhor op\u00e7\u00e3o financeira:<\/span>\n                    <h3 id=\"melhorOpcao\" class=\"melhor-opcao-valor\">Financiar e investir<\/h3>\n                <\/div>\n                <div id=\"diferencaPatrimonio\" class=\"diferenca-patrimonio\"><\/div>\n            <\/div>\n\n            <div class=\"resultados-grid\">\n                <!-- Resultado s\u00f3 financiando -->\n                <div class=\"resultado-card financiando\">\n                    <h4>Resultado s\u00f3<br>financiando<\/h4>\n                    <div class=\"resultado-item\">\n                        <span class=\"label\">Patrim\u00f4nio total<\/span>\n                        <span class=\"valor\" id=\"patrimonioFinanciando\">R$ 1.621.698,76<\/span>\n                        <span class=\"descricao\" id=\"descricaoPatrimonio1\">Valor do im\u00f3vel no per\u00edodo<\/span>\n                    <\/div>\n                    <div class=\"resultado-item\">\n                        <span class=\"label\">Total pago financiando<\/span>\n                        <span class=\"valor\" id=\"totalPagoFinanciando\">R$ 1.024.266,05<\/span>\n                        <span class=\"descricao\">Usando a tabela SAC<\/span>\n                    <\/div>\n                    <div class=\"resultado-item\">\n                        <span class=\"label\">Total aportado<\/span>\n                        <span class=\"valor\" id=\"totalAportadoFinanciando\">R$ 0,00<\/span>\n                        <span class=\"descricao\">Neste caso voc\u00ea n\u00e3o aporta nada<\/span>\n                    <\/div>\n                <\/div>\n\n                <!-- Resultado financiando e investindo -->\n                <div class=\"resultado-card investindo\">\n                    <h4>Resultado<br>financiando e<br>investindo<\/h4>\n                    <div class=\"resultado-item\">\n                        <span class=\"label\">Patrim\u00f4nio total<\/span>\n                        <span class=\"valor\" id=\"patrimonioInvestindo\">R$ 5.803.786,23<\/span>\n                        <span class=\"descricao\" id=\"descricaoPatrimonio2\">Valor do im\u00f3vel + investimentos no per\u00edodo<\/span>\n                    <\/div>\n                    <div class=\"resultado-item\">\n                        <span class=\"label\">Total pago financiando<\/span>\n                        <span class=\"valor\" id=\"totalPagoInvestindo\">R$ 1.024.266,05<\/span>\n                        <span class=\"descricao\">Usando a tabela SAC<\/span>\n                    <\/div>\n                    <div class=\"resultado-item\">\n                        <span class=\"label\">Total aportado<\/span>\n                        <span class=\"valor\" id=\"totalAportadoInvestindo\">R$ 1.840.099,16<\/span>\n                        <span class=\"descricao\">A soma dos aportes financiando<\/span>\n                    <\/div>\n                <\/div>\n\n                <!-- Resultado alugando e investindo -->\n                <div class=\"resultado-card alugando\">\n                    <h4>Resultado alugando e<br>investindo<\/h4>\n                    <div class=\"resultado-item\">\n                        <span class=\"label\">Patrim\u00f4nio total<\/span>\n                        <span class=\"valor\" id=\"patrimonioAlugando\">R$ 2.328.336,13<\/span>\n                        <span class=\"descricao\">Usando uma rentabilidade de 11% a.a.<\/span>\n                    <\/div>\n                    <div class=\"resultado-item\">\n                        <span class=\"label\">Total pago de aluguel<\/span>\n                        <span class=\"valor\" id=\"totalPagoAluguel\">R$ 2.736.922,38<\/span>\n                        <span class=\"descricao\">Com o reajuste indicado de 8%<\/span>\n                    <\/div>\n                    <div class=\"resultado-item\">\n                        <span class=\"label\">Total aportado<\/span>\n                        <span class=\"valor\" id=\"totalAportadoAlugando\">R$ 127.442,83<\/span>\n                        <span class=\"descricao\">A soma dos aportes alugando<\/span>\n                    <\/div>\n                <\/div>\n            <\/div>\n            \n            <!-- Se\u00e7\u00e3o Educativa -->\n            <div class=\"secao-educativa\">\n                <h3>Entenda as Vantagens e Desvantagens<\/h3>\n                \n                <div class=\"vantagens-grid\">\n                    <div class=\"vantagem-card aluguel\">\n                        <h4>Vantagens do Aluguel<\/h4>\n                        <ul>\n                            <li>Mobilidade: Facilidade para mudar de local<\/li>\n                            <li>Investimentos: Pode investir a diferen\u00e7a e construir patrim\u00f4nio<\/li>\n                            <li>Manuten\u00e7\u00e3o: Custos s\u00e3o do propriet\u00e1rio<\/li>\n                            <li>Flexibilidade: Pode trocar de regi\u00e3o facilmente<\/li>\n                        <\/ul>\n                        <div class=\"desvantagem\">\n                            <strong>Desvantagens:<\/strong> Poss\u00edveis transtornos com propriet\u00e1rio, n\u00e3o \u00e9 seu im\u00f3vel\n                        <\/div>\n                    <\/div>\n                    \n                    <div class=\"vantagem-card financiamento\">\n                        <h4>Vantagens do Financiamento<\/h4>\n                        <ul>\n                            <li>Propriedade: O im\u00f3vel \u00e9 seu<\/li>\n                            <li>Liberdade: Pode reformar e modificar<\/li>\n                            <li>Sonho realizado: Casa pr\u00f3pria imediata<\/li>\n                            <li>Patrim\u00f4nio: Bem em seu nome<\/li>\n                        <\/ul>\n                        <div class=\"desvantagem\">\n                            <strong>Desvantagens:<\/strong> Menos mobilidade, altos juros, processo burocr\u00e1tico para vender\n                        <\/div>\n                    <\/div>\n                <\/div>\n              <!--   <div class=\"exemplo-calculo\">\n                    <h4>Exemplo do Texto de Refer\u00eancia<\/h4>\n                    <p>Im\u00f3vel de R$ 400.000 com entrada de 20% (R$ 80.000) e taxa de 7,75% ao ano:<\/p>\n                    \n                    <p><strong>Financiamento:<\/strong> Parcela de R$ 2.232 por 30 anos = R$ 803.520 total<\/p>\n                    <p><strong>Aluguel:<\/strong> R$ 1.200 + investir diferen\u00e7a de R$ 1.032 a 5% ao ano<\/p>\n                    <p><strong>Resultado:<\/strong> Em ~14 anos voc\u00ea teria R$ 400.000 para comprar \u00e0 vista<\/p>\n                    \n                    <p class=\"destaque\"><strong>Conclus\u00e3o:<\/strong> Aluguel + investimento pode ser mais eficiente financeiramente<\/p>\n                <\/div> -->\n            <\/div>\n        <\/div>\n\n        <!-- Console de Debug -->\n        <div id=\"debugConsole\" class=\"debug-console hidden\">\n            <div class=\"debug-header\">\n                <h3>Console de C\u00e1lculos - Passo a Passo<\/h3>\n                <button id=\"toggleDebug\" class=\"btn-debug\">Ocultar Console<\/button>\n            <\/div>\n            <div id=\"debugOutput\" class=\"debug-output\"><\/div>\n        <\/div>\n    <\/div>\n<\/div><\/div>\n\t\t\t\t<\/div>\n\t\t\t\t<\/div>\n\t\t\t\t\t<\/div>\n\t\t<\/div>\n\t\t\t\t\t<\/div>\n\t\t<\/section>\n\t\t\t\t<\/div>","protected":false},"excerpt":{"rendered":"","protected":false},"author":1,"featured_media":0,"parent":0,"menu_order":0,"comment_status":"closed","ping_status":"closed","template":"elementor_header_footer","meta":{"site-sidebar-layout":"no-sidebar","site-content-layout":"page-builder","ast-global-header-display":"","ast-main-header-display":"","ast-hfb-above-header-display":"","ast-hfb-below-header-display":"","ast-hfb-mobile-header-display":"","site-post-title":"disabled","ast-breadcrumbs-content":"","ast-featured-img":"disabled","footer-sml-layout":"","theme-transparent-header-meta":"","adv-header-id-meta":"","stick-header-meta":"","header-above-stick-meta":"","header-main-stick-meta":"","header-below-stick-meta":"","footnotes":""},"class_list":["post-5557","page","type-page","status-publish","hentry"],"_links":{"self":[{"href":"https:\/\/lajeengenharia.com.br\/en\/wp-json\/wp\/v2\/pages\/5557","targetHints":{"allow":["GET"]}}],"collection":[{"href":"https:\/\/lajeengenharia.com.br\/en\/wp-json\/wp\/v2\/pages"}],"about":[{"href":"https:\/\/lajeengenharia.com.br\/en\/wp-json\/wp\/v2\/types\/page"}],"author":[{"embeddable":true,"href":"https:\/\/lajeengenharia.com.br\/en\/wp-json\/wp\/v2\/users\/1"}],"replies":[{"embeddable":true,"href":"https:\/\/lajeengenharia.com.br\/en\/wp-json\/wp\/v2\/comments?post=5557"}],"version-history":[{"count":4,"href":"https:\/\/lajeengenharia.com.br\/en\/wp-json\/wp\/v2\/pages\/5557\/revisions"}],"predecessor-version":[{"id":5561,"href":"https:\/\/lajeengenharia.com.br\/en\/wp-json\/wp\/v2\/pages\/5557\/revisions\/5561"}],"wp:attachment":[{"href":"https:\/\/lajeengenharia.com.br\/en\/wp-json\/wp\/v2\/media?parent=5557"}],"curies":[{"name":"wp","href":"https:\/\/api.w.org\/{rel}","templated":true}]}}