{"id":3,"date":"2022-02-15T16:16:30","date_gmt":"2022-02-15T19:16:30","guid":{"rendered":"https:\/\/cliente.digitalfluxo.com\/laje\/?page_id=3"},"modified":"2022-06-27T11:15:54","modified_gmt":"2022-06-27T14:15:54","slug":"politica-de-privacidade","status":"publish","type":"page","link":"https:\/\/lajeengenharia.com.br\/en\/politica-de-privacidade\/","title":{"rendered":"Pol\u00edtica de privacidade"},"content":{"rendered":"<h2 class=\"wp-block-heading\">1. Objetivo<\/h2>\n\n\n\n<p>A Pol\u00edtica Externa de Privacidade da Laje Engenharia foi criada para demonstrar o compromisso com a privacidade e a seguran\u00e7a das informa\u00e7\u00f5es coletadas dos&nbsp;usu\u00e1rios&nbsp;de servi\u00e7os interativos oferecidos em nosso site.<\/p>\n\n\n\n<h2 class=\"wp-block-heading\">2. Quais dados pessoais ser\u00e3o tratados pela Laje Engenharia?<\/h2>\n\n\n\n<p>A Laje Engenharia poder\u00e1 coletar as informa\u00e7\u00f5es inseridas ativamente por voc\u00ea, \u201cUsu\u00e1rio\u201d, no momento do contato ou cadastro, atrav\u00e9s do preenchimento do formul\u00e1rio de contato ou pelo corretor online e, ainda, informa\u00e7\u00f5es coletadas automaticamente ao utilizar os nossos servi\u00e7os. H\u00e1, assim, o&nbsp;tratamento&nbsp;de dois tipos de&nbsp;dados pessoais:&nbsp;(i) os fornecidos pelo pr\u00f3prio Usu\u00e1rio e (ii) aqueles coletados automaticamente pela Laje Engenharia.<\/p>\n\n\n\n<h4 class=\"wp-block-heading\">2.1. Dados Pessoais Fornecidos pelo Usu\u00e1rio<\/h4>\n\n\n\n<p>A Laje Engenharia coleta todos os dados pessoais inseridos ou encaminhados ativamente pelo Usu\u00e1rio ao contatar ou se cadastrar em nosso portal. S\u00e3o eles: Nome completo, e-mail e telefone. Independentemente de quais dados pessoais o Usu\u00e1rio fornece ativamente \u00e0 Laje Engenharia, n\u00f3s faremos uso apenas daqueles efetivamente relevantes e necess\u00e1rios para o alcance das finalidades a ele declaradas na coleta dos dados.<\/p>\n\n\n\n<h4 class=\"wp-block-heading\">2.2. Dados coletados automaticamente pela Laje Engenharia<\/h4>\n\n\n\n<p>A Laje Engenharia coleta uma s\u00e9rie de informa\u00e7\u00f5es de modo autom\u00e1tico nos portais de intera\u00e7\u00e3o com o Usu\u00e1rio, tais como: caracter\u00edsticas do dispositivo de acesso, do navegador,&nbsp;IP&nbsp;(com data e hora), origem do IP, informa\u00e7\u00f5es sobre cliques, p\u00e1ginas acessadas, termos de procura digitado, dentre outros. Para tal coleta, a Laje Engenharia far\u00e1 uso de algumas tecnologias padr\u00f5es como cookies, pixel tags, beacons e local shared objects, que s\u00e3o utilizadas com o prop\u00f3sito de melhorar a sua experi\u00eancia de navega\u00e7\u00e3o em nossos servi\u00e7os, utilizando para isso seus pr\u00f3prios h\u00e1bitos e prefer\u00eancias.<\/p>\n\n\n\n<p>A Laje Engenharia n\u00e3o trata dados definidos como&nbsp;sens\u00edveis, entendido como aqueles relacionados a origem racial ou \u00e9tnica, convic\u00e7\u00e3o religiosa, opini\u00e3o pol\u00edtica, filia\u00e7\u00e3o a sindicato ou a organiza\u00e7\u00e3o de car\u00e1ter religioso, filos\u00f3fico ou pol\u00edtico, dado referente \u00e0 sa\u00fade ou \u00e0 vida sexual, dado gen\u00e9tico ou biom\u00e9trico, tampouco dados de crian\u00e7as, assim considerados os indiv\u00edduos menores de 12 anos, para as finalidades gerais aqui dispostas. Na remota hip\u00f3tese em que for necess\u00e1rio o tratamento desses dados, solicitaremos o consentimento espec\u00edfico e destacado do Usu\u00e1rio ou dos respons\u00e1veis deste, com base nas hip\u00f3teses autorizadoras pela Lei Geral de Prote\u00e7\u00e3o de Dados.<\/p>\n\n\n\n<h2 class=\"wp-block-heading\">3. Com quais finalidades a Laje Engenharia tratar\u00e1 os seus dados?<\/h2>\n\n\n\n<p>Os dados pessoais tratados pela Laje Engenharia t\u00eam como principais finalidades a possibilidade de voc\u00ea conhecer a oferta de produtos e servi\u00e7os pela plataforma, o fornecimento de informa\u00e7\u00f5es via formul\u00e1rio de contato ou pelo corretor online, identificar a sua navega\u00e7\u00e3o pelo site e manter seus dados de Usu\u00e1rio atualizados.<\/p>\n\n\n\n<p>A Laje Engenharia poder\u00e1 utilizar as suas informa\u00e7\u00f5es em demais servi\u00e7os prestados diretamente por n\u00f3s, respeitadas as finalidades expostas e o consentimento previamente concedido por voc\u00ea, quando houver a exig\u00eancia legal dessa coleta.<\/p>\n\n\n\n<p>Em alguns casos, poder\u00e1 tratar seus dados pessoais quando necess\u00e1rio para o cumprimento de obriga\u00e7\u00e3o legal ou exerc\u00edcio regular de direitos em processo judicial, administrativo ou arbitral.<\/p>\n\n\n\n<p>Al\u00e9m disso, tamb\u00e9m poder\u00e1 tratar dados pessoais com base em seu interesse leg\u00edtimo, sempre no limite de sua expectativa, e nunca em preju\u00edzo de seus interesses, direitos e liberdades fundamentais.<\/p>\n\n\n\n<p>Adicionalmente, as informa\u00e7\u00f5es coletadas poder\u00e3o ser utilizadas por n\u00f3s, nunca por terceiros, mediante a coleta pr\u00e9via de sua autoriza\u00e7\u00e3o, para fins publicit\u00e1rios como o envio de e-mail marketing ou contatos por telefone, SMS, carta e aplicativos de mensagens como o WhatsApp. Caso voc\u00ea se sinta incomodado e n\u00e3o deseje mais receber quaisquer informativos publicit\u00e1rios da Laje Engenharia, voc\u00ea poder\u00e1, a qualquer momento, se descadastrar enviando e-mail para marketing@lajeengenharia.com.br manifestando a sua oposi\u00e7\u00e3o.<\/p>\n\n\n\n<h2 class=\"wp-block-heading\">4. Com quem a Laje compartilhar\u00e1 os seus dados pessoais?<\/h2>\n\n\n\n<p>A Laje Engenharia poder\u00e1 compartilhar as suas informa\u00e7\u00f5es pessoais nas hip\u00f3teses abaixo expostas:<\/p>\n\n\n\n<p>A.&nbsp;Com autoridades, entidades governamentais ou outros terceiros institucionais para a prote\u00e7\u00e3o dos interesses da Laje Engenharia em qualquer tipo de conflito, incluindo a\u00e7\u00f5es judiciais e processos administrativos;<\/p>\n\n\n\n<p>B.&nbsp;No caso de transa\u00e7\u00f5es e altera\u00e7\u00f5es societ\u00e1rias envolvendo a Laje Engenharia, em que a transfer\u00eancia das informa\u00e7\u00f5es ser\u00e1 necess\u00e1ria para a continuidade dos servi\u00e7os;<\/p>\n\n\n\n<p>C.&nbsp;Mediante ordem judicial ou pelo requerimento de autoridades administrativas que detenham compet\u00eancia legal para a sua requisi\u00e7\u00e3o.<\/p>\n\n\n\n<p>D.&nbsp;Com institui\u00e7\u00f5es financeiras, para an\u00e1lise e prote\u00e7\u00e3o de cr\u00e9dito.E.&nbsp;Com parceiros comerciais (corretores aut\u00f4nomos, imobili\u00e1rias parceiras e correspondentes banc\u00e1rios), os quais nos auxiliam na viabiliza\u00e7\u00e3o do sonho da casa pr\u00f3pria.<\/p>\n\n\n\n<h2 class=\"wp-block-heading\">5. Como a Laje mant\u00eam os seus dados pessoais seguros?<\/h2>\n\n\n\n<p>Qualquer informa\u00e7\u00e3o fornecida pelo Usu\u00e1rio ser\u00e1 coletada e guardada de acordo com os mais r\u00edgidos padr\u00f5es de seguran\u00e7a. Para tanto, a Laje Engenharia adota diversas precau\u00e7\u00f5es, em observ\u00e2ncia \u00e0s diretrizes sobre padr\u00f5es de seguran\u00e7a estabelecidas nas legisla\u00e7\u00f5es e sua Pol\u00edtica de Seguran\u00e7a da Informa\u00e7\u00e3o, tais como:<\/p>\n\n\n\n<p>A.&nbsp;Utiliza os mais recentes m\u00e9todos e equipamentos dispon\u00edveis no mercado para criptografar e anonimizar os seus dados pessoais, quando necess\u00e1rio;<\/p>\n\n\n\n<p>B.&nbsp;Possui prote\u00e7\u00e3o contra acesso n\u00e3o autorizado a seus sistemas;<\/p>\n\n\n\n<p>C.&nbsp;Somente autoriza o acesso de pessoas espec\u00edficas ao local onde s\u00e3o armazenadas as suas informa\u00e7\u00f5es pessoais, desde que este acesso seja essencial ao desenvolvimento da atividade pretendida;<\/p>\n\n\n\n<p>D.&nbsp;Garante que aqueles agentes, funcion\u00e1rios internos ou parceiros externos que realizarem o tratamento de dados pessoais dever\u00e3o se comprometer a manter o sigilo absoluto das informa\u00e7\u00f5es acessadas, bem como de adotar as melhores pr\u00e1ticas para manuseio destas informa\u00e7\u00f5es, conforme determinado nas pol\u00edticas e procedimentos.<\/p>\n\n\n\n<p>O acesso \u00e0s informa\u00e7\u00f5es coletadas \u00e9 restrito aos colaboradores e \u00e0s pessoas autorizadas. Aqueles que se utilizarem indevidamente dessas informa\u00e7\u00f5es, em viola\u00e7\u00e3o desta Pol\u00edtica de Privacidade e a de Seguran\u00e7a da Informa\u00e7\u00e3o, estar\u00e3o sujeitos a san\u00e7\u00f5es disciplinares e legais cab\u00edveis.<\/p>\n\n\n\n<p>Al\u00e9m dos esfor\u00e7os t\u00e9cnicos, a Laje Engenharia tamb\u00e9m adota medidas institucionais visando a prote\u00e7\u00e3o de dados pessoais, de modo que mant\u00e9m programa de privacidade aplicado \u00e0s suas atividades, constantemente atualizado.<\/p>\n\n\n\n<p>Embora a Laje Engenharia adote os melhores esfor\u00e7os no sentido de preservar a sua privacidade e proteger os seus dados pessoais, nenhuma transmiss\u00e3o de informa\u00e7\u00f5es \u00e9 totalmente segura, de modo que a Laje Engenharia n\u00e3o pode garantir integralmente que todas as informa\u00e7\u00f5es que recebe e\/ou envia n\u00e3o sejam alvo de acessos n\u00e3o autorizados perpetrados por meio de m\u00e9todos desenvolvidos para obter informa\u00e7\u00f5es de forma indevida, como falhas t\u00e9cnicas, v\u00edrus ou invas\u00f5es do banco de dados do site.<\/p>\n\n\n\n<p>De qualquer forma, na remota hip\u00f3tese de incid\u00eancia de epis\u00f3dios desta natureza, a Laje Engenharia garante o pleno esfor\u00e7o para remediar as consequ\u00eancias do evento.<\/p>\n\n\n\n<h2 class=\"wp-block-heading\">6. Por quanto tempo a Laje Engenharia armazenar\u00e1 os seus dados?<\/h2>\n\n\n\n<p>Os seus dados pessoais ser\u00e3o automaticamente eliminados pela Laje Engenharia quando deixarem de ser \u00fateis para os fins que foram coletados e n\u00e3o forem mais necess\u00e1rios para cumprir qualquer obriga\u00e7\u00e3o legal direcionada \u00e0 Laje Engenharia, ou quando o Usu\u00e1rio solicitar a sua elimina\u00e7\u00e3o, exceto se a manuten\u00e7\u00e3o do dado for expressamente autorizada por lei.<\/p>\n\n\n\n<p>As informa\u00e7\u00f5es dos Usu\u00e1rios poder\u00e3o ser conservadas para cumprimento de obriga\u00e7\u00e3o legal ou regulat\u00f3ria, transfer\u00eancia a terceiro \u2013 desde que respeitados os requisitos de tratamento de dados \u2013 e uso exclusivo da Laje Engenharia, inclusive para o exerc\u00edcio de seus direitos em processos judiciais ou administrativos.<\/p>\n\n\n\n<h2 class=\"wp-block-heading\">7. Quais s\u00e3o os direitos como titular de dados pessoais?<\/h2>\n\n\n\n<p>A Laje Engenharia respeita e garante ao Usu\u00e1rio a possibilidade de apresentar solicita\u00e7\u00f5es de tratamento dos seus dados pessoais, baseadas nos seguintes direitos:<\/p>\n\n\n\n<p>A.&nbsp;Confirma\u00e7\u00e3o da exist\u00eancia de tratamento;<\/p>\n\n\n\n<p>B.&nbsp;Acesso aos dados pessoais;<\/p>\n\n\n\n<p>C.&nbsp;Corre\u00e7\u00e3o de dados incompletos, inexatos ou desatualizados;<\/p>\n\n\n\n<p>D.&nbsp;Anonimiza\u00e7\u00e3o, bloqueio ou elimina\u00e7\u00e3o de dados desnecess\u00e1rios, excessivos ou tratados em desconformidade com a lei;<\/p>\n\n\n\n<p>E.&nbsp;Portabilidade dos dados a outro fornecedor de servi\u00e7o ou produto, mediante requisi\u00e7\u00e3o expressa pelo Usu\u00e1rio;<\/p>\n\n\n\n<p>F.&nbsp;Elimina\u00e7\u00e3o dos dados tratados com consentimento do Usu\u00e1rio;<\/p>\n\n\n\n<p>G.&nbsp;Obten\u00e7\u00e3o de informa\u00e7\u00f5es sobre as entidades com as quais compartilhou os seus dados;<\/p>\n\n\n\n<p>H.&nbsp;Informa\u00e7\u00e3o sobre a possibilidade do Usu\u00e1rio n\u00e3o fornecer o consentimento, bem como de ser informado sobre as consequ\u00eancias em caso de negativa;<\/p>\n\n\n\n<p>I.&nbsp;Revoga\u00e7\u00e3o do consentimento.<\/p>\n\n\n\n<h2 class=\"wp-block-heading\">8. Como exercer os seus direitos de titular dos dados?<\/h2>\n\n\n\n<p>Os seus direitos como titular de dados pessoais poder\u00e3o ser exercidos diretamente por voc\u00ea, a partir da gest\u00e3o de informa\u00e7\u00f5es de cadastro, enquanto outra parte depender\u00e1 do envio de requisi\u00e7\u00e3o por meio de solicita\u00e7\u00e3o enviada ao e-mail marketing@lajeengenharia.com.br, para posterior avalia\u00e7\u00e3o e ado\u00e7\u00e3o das provid\u00eancias necess\u00e1rias.<\/p>\n\n\n\n<p>O Usu\u00e1rio fica ciente que a eventual solicita\u00e7\u00e3o de exclus\u00e3o de informa\u00e7\u00f5es essenciais para a gest\u00e3o de seu cadastro junto \u00e0 Laje Engenharia implicar\u00e1 no t\u00e9rmino de sua rela\u00e7\u00e3o contratual, com o consequente cancelamento dos servi\u00e7os ent\u00e3o prestados.<\/p>\n\n\n\n<p>A Laje Engenharia empreender\u00e1 todos os esfor\u00e7os razo\u00e1veis para atender as requisi\u00e7\u00f5es feitas por Usu\u00e1rios no menor espa\u00e7o de tempo poss\u00edvel. No entanto, fatores justific\u00e1veis, tais como a complexidade da a\u00e7\u00e3o requisitada, poder\u00e3o atrasar ou impedir o seu r\u00e1pido atendimento, sendo certo que, em caso de demora, apresentar\u00e1 os devidos motivos.<\/p>\n\n\n\n<p>Por fim, o Usu\u00e1rio deve estar ciente que a sua requisi\u00e7\u00e3o poder\u00e1 ser legalmente rejeitada, seja por motivos formais (a exemplo de sua incapacidade de comprovar sua identidade) ou legais (a exemplo do pedido de exclus\u00e3o de dados cuja manuten\u00e7\u00e3o \u00e9 livre exerc\u00edcio de direito pela Laje Engenharia), sendo certo que, na hip\u00f3tese de impossibilidade de atendimento destas requisi\u00e7\u00f5es, a Laje Engenharia apresentar\u00e1 as justificativas razo\u00e1veis.<\/p>\n\n\n\n<h2 class=\"wp-block-heading\">9. O que s\u00e3o e como a Laje Engenharia utiliza a tecnologia cookies?<\/h2>\n\n\n\n<p>Cookies s\u00e3o arquivos ou informa\u00e7\u00f5es que podem ser armazenadas em seus dispositivos quando voc\u00ea visita os websites ou utiliza os servi\u00e7os on-line da Laje Engenharia. Geralmente um cookie cont\u00e9m o nome do site que o originou, seu tempo de vida e um valor, que \u00e9 gerado aleatoriamente.<\/p>\n\n\n\n<p>A Laje Engenharia utiliza cookies para facilitar o uso e melhor adaptar seu website e aplica\u00e7\u00f5es aos interesses e necessidades de seus Usu\u00e1rios, bem como para auxiliar e melhorar suas estruturas e seus conte\u00fados. Os cookies tamb\u00e9m podem ser utilizados para acelerar suas atividades e experi\u00eancias futuras em nossos servi\u00e7os.<\/p>\n\n\n\n<p>Por meio de cookies, o site armazena informa\u00e7\u00f5es sobre as atividades do navegador, incluindo endere\u00e7o IP e a p\u00e1gina acessada. Esses registros de atividades&nbsp;(logs)&nbsp;ser\u00e3o utilizados apenas para fins estat\u00edsticos e de m\u00e9tricas dos servi\u00e7os disponibilizados ou para a investiga\u00e7\u00e3o de fraudes ou de altera\u00e7\u00f5es indevidas em seus sistemas e cadastros, n\u00e3o tendo como finalidade o fornecimento dos dados a terceiros sem autoriza\u00e7\u00e3o expressa do Usu\u00e1rio.<\/p>\n\n\n\n<p>Esses registros poder\u00e3o compreender dados como o endere\u00e7o IP do Usu\u00e1rio, as a\u00e7\u00f5es efetuadas no site, as p\u00e1ginas acessadas, as datas e hor\u00e1rios de cada a\u00e7\u00e3o e de acesso a cada p\u00e1gina do site, as informa\u00e7\u00f5es sobre o dispositivo utilizado, vers\u00e3o de sistema operacional, navegador, dentre outros aplicativos instalados.<\/p>\n\n\n\n<p>Os cookies podem ser divididos de acordo com a informa\u00e7\u00e3o que armazenam e sua finalidade, a saber:<\/p>\n\n\n\n<p>A. Cookies necess\u00e1rios:&nbsp;S\u00e3o essenciais para que o website da Laje Engenharia carregue corretamente e permita que voc\u00ea navegue corretamente, bem como fa\u00e7a o uso de todas as funcionalidades dispon\u00edveis.<\/p>\n\n\n\n<p>B. Cookies de Desempenho:&nbsp;Ajudam a entender como os visitantes interagem com a p\u00e1gina da Laje Engenharia, fornecendo informa\u00e7\u00f5es sobre as \u00e1reas visitadas, o tempo de visita ao site e quaisquer problemas encontrados, como mensagens de erro.<\/p>\n\n\n\n<p>C. Cookies Funcionais:&nbsp;Permitem que a p\u00e1gina se lembre de suas escolhas para proporcionar uma experi\u00eancia personalizada. Possibilitam que os Usu\u00e1rios assistam a v\u00eddeos, utilizem ferramentas sociais, campos para coment\u00e1rios, f\u00f3runs e dentre outros.<\/p>\n\n\n\n<p>D. Cookies de Marketing:&nbsp;S\u00e3o utilizados para fornecer mais conte\u00fado relevante e do interesse dos Usu\u00e1rios. Podem ser utilizados para apresentar publicidade com um maior direcionamento ou limitar o n\u00famero que esta \u00e9 veiculada, nas p\u00e1ginas da Laje Engenharia. Tamb\u00e9m permitem a medi\u00e7\u00e3o da efic\u00e1cia de uma campanha publicit\u00e1ria lan\u00e7ada.<\/p>\n\n\n\n<p>A qualquer momento voc\u00ea poder\u00e1 revogar a sua autoriza\u00e7\u00e3o quanto \u00e0 utiliza\u00e7\u00e3o dos cookies utilizando as configura\u00e7\u00f5es de seu navegador de prefer\u00eancia.<\/p>\n\n\n\n<p>Contudo, alertamos que, de acordo com a escolha realizada, certas funcionalidades poder\u00e3o n\u00e3o ser executadas da maneira idealmente esperada. Para mais informa\u00e7\u00f5es sobre como gerir os cookies diretamente em seu navegador, a Laje Engenharia orienta a consulta aos links abaixo:<\/p>\n\n\n\n<ul class=\"wp-block-list\"><li>Internet Explorer:<\/li><\/ul>\n\n\n\n<p><a href=\"https:\/\/support.microsoft.com\/pt-br\/help\/17442\/windows-internetexplorer-delete-manage-cookies\">https:\/\/support.microsoft.com\/pt-br\/help\/17442\/windows-internetexplorer-delete-manage-cookies<\/a><\/p>\n\n\n\n<ul class=\"wp-block-list\"><li>Mozilla Firefox:<\/li><\/ul>\n\n\n\n<p><a href=\"https:\/\/support.mozilla.org\/pt-BR\/kb\/ative-e-desative-os-cookies-queos-sites-usam\">https:\/\/support.mozilla.org\/pt-BR\/kb\/ative-e-desative-os-cookies-queos-sites-usam<\/a><\/p>\n\n\n\n<ul class=\"wp-block-list\"><li>Google Chrome:<\/li><\/ul>\n\n\n\n<p><a href=\"https:\/\/support.google.com\/accounts\/answer\/61416?co=GENIE.Platform%3DDesktop&amp;hl=pt-BR\">https:\/\/support.google.com\/accounts\/answer\/61416?co=GENIE.Platform%3DDesktop&amp;hl=pt-BR<\/a><\/p>\n\n\n\n<ul class=\"wp-block-list\"><li>Safari:<\/li><\/ul>\n\n\n\n<p><a href=\"https:\/\/support.apple.com\/pt-br\/guide\/safari\/sfri11471\/mac\">https:\/\/support.apple.com\/pt-br\/guide\/safari\/sfri11471\/mac<\/a><\/p>\n\n\n\n<h2 class=\"wp-block-heading\">10. Contato<\/h2>\n\n\n\n<p>Se voc\u00ea tiver d\u00favidas ou preocupa\u00e7\u00f5es em rela\u00e7\u00e3o \u00e0 sua privacidade ou ao tratamento de seus dados pessoais pela Laje Engenharia, encaminhe-as ao nosso canal de atendimento por e-mail para marketing@lajeengenharia.com.br.<\/p>\n\n\n\n<h2 class=\"wp-block-heading\">11. Encarregado de Dados (DPO)<\/h2>\n\n\n\n<p>O encarregado de dados &#8211; tamb\u00e9m chamado de DPO (Data Protection Officer) &#8211; \u00e9 o respons\u00e1vel indicado para atuar como canal de comunica\u00e7\u00e3o entre a Laje Engenharia e os titulares dos dados. O DPO da Laje Engenharia \u00e9 o Depto. de Marketing e seu contato \u00e9&nbsp;<a href=\"mailto:marketing@lajeengenharia.com.br\">marketing@lajeengenharia.com.br<\/a>.<\/p>\n\n\n\n<h2 class=\"wp-block-heading\">12. Legisla\u00e7\u00e3o aplic\u00e1vel<\/h2>\n\n\n\n<p>Esta Pol\u00edtica foi elaborada para atendimento e em conformidade com a Lei Federal n\u00ba 13.709\/2018 (Lei Geral de Prote\u00e7\u00e3o de Dados Pessoais), Lei Federal n\u00ba 12.965\/2014 (Marco Civil da Internet) e Lei Federal n\u00ba 8.078\/1990 (C\u00f3digo de Defesa do Consumidor), sem preju\u00edzo de observ\u00e2ncia das demais legisla\u00e7\u00f5es aplic\u00e1veis para a Laje Engenharia.<\/p>\n\n\n\n<h2 class=\"wp-block-heading\">13. Ficha T\u00e9cnica<\/h2>\n\n\n\n<p>Vers\u00e3o do documento: <strong>24\/06\/2022<\/strong><\/p>","protected":false},"excerpt":{"rendered":"<p>1. Objetivo A Pol\u00edtica Externa de Privacidade da Laje Engenharia foi criada para demonstrar o compromisso com a privacidade e a seguran\u00e7a das informa\u00e7\u00f5es coletadas dos&nbsp;usu\u00e1rios&nbsp;de servi\u00e7os interativos oferecidos em nosso site. 2. Quais dados pessoais ser\u00e3o tratados pela Laje Engenharia? A Laje Engenharia poder\u00e1 coletar as informa\u00e7\u00f5es inseridas ativamente por voc\u00ea, \u201cUsu\u00e1rio\u201d, no momento &hellip;<\/p>\n<p class=\"read-more\"> <a class=\"\" href=\"https:\/\/lajeengenharia.com.br\/en\/politica-de-privacidade\/\"> <span class=\"screen-reader-text\">Pol\u00edtica de privacidade<\/span> Read More \u00bb<\/a><\/p>","protected":false},"author":1,"featured_media":0,"parent":0,"menu_order":0,"comment_status":"closed","ping_status":"open","template":"","meta":{"site-sidebar-layout":"default","site-content-layout":"default","ast-global-header-display":"","ast-main-header-display":"","ast-hfb-above-header-display":"","ast-hfb-below-header-display":"","ast-hfb-mobile-header-display":"","site-post-title":"","ast-breadcrumbs-content":"","ast-featured-img":"","footer-sml-layout":"","theme-transparent-header-meta":"","adv-header-id-meta":"","stick-header-meta":"","header-above-stick-meta":"","header-main-stick-meta":"","header-below-stick-meta":"","footnotes":""},"class_list":["post-3","page","type-page","status-publish","hentry"],"_links":{"self":[{"href":"https:\/\/lajeengenharia.com.br\/en\/wp-json\/wp\/v2\/pages\/3","targetHints":{"allow":["GET"]}}],"collection":[{"href":"https:\/\/lajeengenharia.com.br\/en\/wp-json\/wp\/v2\/pages"}],"about":[{"href":"https:\/\/lajeengenharia.com.br\/en\/wp-json\/wp\/v2\/types\/page"}],"author":[{"embeddable":true,"href":"https:\/\/lajeengenharia.com.br\/en\/wp-json\/wp\/v2\/users\/1"}],"replies":[{"embeddable":true,"href":"https:\/\/lajeengenharia.com.br\/en\/wp-json\/wp\/v2\/comments?post=3"}],"version-history":[{"count":6,"href":"https:\/\/lajeengenharia.com.br\/en\/wp-json\/wp\/v2\/pages\/3\/revisions"}],"predecessor-version":[{"id":3056,"href":"https:\/\/lajeengenharia.com.br\/en\/wp-json\/wp\/v2\/pages\/3\/revisions\/3056"}],"wp:attachment":[{"href":"https:\/\/lajeengenharia.com.br\/en\/wp-json\/wp\/v2\/media?parent=3"}],"curies":[{"name":"wp","href":"https:\/\/api.w.org\/{rel}","templated":true}]}}